{"id":125,"date":"2018-08-28T09:02:53","date_gmt":"2018-08-28T07:02:53","guid":{"rendered":"http:\/\/queyracines.org\/?page_id=125"},"modified":"2024-07-17T11:38:38","modified_gmt":"2024-07-17T09:38:38","slug":"ecole-dautrefois","status":"publish","type":"page","link":"https:\/\/queyracines.org\/index.php\/ecole-dautrefois\/","title":{"rendered":"Ecole d&rsquo;autrefois"},"content":{"rendered":"<p style=\"text-align: center;\">Adresse<strong> : Brunissard, 05350 Arvieux en Queyras<\/strong><\/p>\n<p><img loading=\"lazy\" class=\"aligncenter\" src=\"http:\/\/queyracines.org\/wp-content\/uploads\/2018\/08\/salle_classe_05-300x225.jpg\" alt=\"\" width=\"300\" height=\"225\" \/><\/p>\n<p>Dans l&rsquo;ancienne \u00e9cole de Brunissard, venez d\u00e9couvrir une classe d\u2019autrefois avec ses vieux bancs en bois, son po\u00eale, ses livres et cahiers anciens\u2026<\/p>\n<p><img loading=\"lazy\" class=\"aligncenter\" src=\"http:\/\/queyracines.org\/wp-content\/uploads\/2018\/08\/Brevet-de-capacit\u00e9-300x207.jpg\" alt=\"\" width=\"300\" height=\"207\" \/><\/p>\n<p>Venez retrouver les joies de l\u2019\u00e9criture avec la fameuse plume Sergent-Major, les souvenirs de l\u2019encre violette et des buvards, l&rsquo;odeur de la craie\u00a0!<\/p>\n<p><img loading=\"lazy\" class=\"aligncenter\" src=\"http:\/\/queyracines.org\/wp-content\/uploads\/2018\/08\/Ecole-Chapelue-003-225x300.jpg\" alt=\"\" width=\"225\" height=\"300\" \/><\/p>\n<p>Et, si vous le souhaitez, vous pourrez r\u00e9viser l\u2019histoire et la g\u00e9ographie locales, revoir l&rsquo;accord du participe pass\u00e9 et r\u00e9soudre quelques probl\u00e8mes d&rsquo;antan\u2026<\/p>\n<p><img loading=\"lazy\" class=\"aligncenter\" src=\"http:\/\/queyracines.org\/wp-content\/uploads\/2018\/08\/130826-ecole-brunissard-011-copie-300x200.jpg\" alt=\"\" width=\"300\" height=\"200\" \/><\/p>\n<p style=\"text-align: center;\"><strong>\u00a0<\/strong><\/p>\n<p style=\"text-align: center;\"><strong>Visites de l&rsquo;\u00e9t\u00e9 2024<\/strong><\/p>\n<p>&nbsp;<\/p>\n<p>Les visites de l&rsquo;Ecole d&rsquo;Autrefois reprennent au d\u00e9but du mois de juillet : m\u00eames jours et m\u00eames heures qu&rsquo;en 2021, le mardi de 16 h \u00e0 18 h, le vendredi de 10 h \u00e0 midi. Cf. ci-dessous.<\/p>\n<p>Elsa vous y accueillera avec le sourire.<\/p>\n<p style=\"text-align: left;\">Prix : 3 \u20ac par personne. Entr\u00e9e et visite gratuites pour les enfants et pour les adolescents de moins de 16 ans.<\/p>\n<p style=\"text-align: left;\">S&rsquo;inscrire en t\u00e9l\u00e9phonant au 06 89 90 06 62<\/p>\n<p style=\"text-align: left;\">Les visites comment\u00e9es commencent le mardi \u00e0 16 h 15 et le vendredi \u00e0 10 h 15.<\/p>\n<p style=\"text-align: left;\">L&rsquo;accueil des groupes de 8 \u00e0 15 personnes se fait en dehors de ces cr\u00e9neaux horaires. Prendre rendez-vous en appelant le 06 89 90 06 62.<\/p>\n<p><strong>\u00a0<\/strong><\/p>\n<p><strong>\u00a0<\/strong><\/p>\n","protected":false},"excerpt":{"rendered":"<p>Adresse : Brunissard, 05350 Arvieux en Queyras Dans l&rsquo;ancienne \u00e9cole de Brunissard, venez d\u00e9couvrir une classe d\u2019autrefois avec ses vieux bancs en bois,&#8230;<\/p>\n","protected":false},"author":1,"featured_media":0,"parent":0,"menu_order":0,"comment_status":"closed","ping_status":"closed","template":"","meta":[],"_links":{"self":[{"href":"https:\/\/queyracines.org\/index.php\/wp-json\/wp\/v2\/pages\/125"}],"collection":[{"href":"https:\/\/queyracines.org\/index.php\/wp-json\/wp\/v2\/pages"}],"about":[{"href":"https:\/\/queyracines.org\/index.php\/wp-json\/wp\/v2\/types\/page"}],"author":[{"embeddable":true,"href":"https:\/\/queyracines.org\/index.php\/wp-json\/wp\/v2\/users\/1"}],"replies":[{"embeddable":true,"href":"https:\/\/queyracines.org\/index.php\/wp-json\/wp\/v2\/comments?post=125"}],"version-history":[{"count":13,"href":"https:\/\/queyracines.org\/index.php\/wp-json\/wp\/v2\/pages\/125\/revisions"}],"predecessor-version":[{"id":527,"href":"https:\/\/queyracines.org\/index.php\/wp-json\/wp\/v2\/pages\/125\/revisions\/527"}],"wp:attachment":[{"href":"https:\/\/queyracines.org\/index.php\/wp-json\/wp\/v2\/media?parent=125"}],"curies":[{"name":"wp","href":"https:\/\/api.w.org\/{rel}","templated":true}]}}