{"id":17,"date":"2018-08-24T17:09:26","date_gmt":"2018-08-24T15:09:26","guid":{"rendered":"http:\/\/queyracines.org\/?page_id=17"},"modified":"2026-01-09T14:02:17","modified_gmt":"2026-01-09T13:02:17","slug":"adhesions-et-liste-des-bulletins","status":"publish","type":"page","link":"https:\/\/queyracines.org\/index.php\/adhesions-et-liste-des-bulletins\/","title":{"rendered":"Adh\u00e9sions"},"content":{"rendered":"<p><strong>Adh\u00e9rer \u00e0 Quey&rsquo;racines est tr\u00e8s simple !<\/strong><\/p>\n<ul>\n<li>T\u00e9l\u00e9chargez le bulletin 2026 (\u00e0 venir)<\/li>\n<li>Remplissez-le<\/li>\n<li>Renvoyez-le \u00e0 l&rsquo;adresse indiqu\u00e9e avec votre r\u00e8glement par ch\u00e8que : 25 \u20ac (adh\u00e9sion individuelle), 35 \u20ac (adh\u00e9sion couple).<br \/>\nVous pouvez \u00e9galement r\u00e9gler votre adh\u00e9sion par internet ici<br \/>\n<a href=\"https:\/\/www.helloasso.com\/associations\/quey-racines\/adhesions\/cotisations-2026-quey-racines-2\">https:\/\/www.helloasso.com\/associations\/quey-racines\/adhesions\/cotisations-2026-quey-racines-2<\/a><\/li>\n<\/ul>\n<p>L&rsquo;association accepte aussi des dons.<\/p>\n<p>Vous trouverez ci-dessous le sommaire de tous les bulletins publi\u00e9s. Pour s&rsquo;en procurer un, suivez la proc\u00e9dure indiqu\u00e9e au bas de la liste (les num\u00e9ros de 2024 ne sont pas encore en ligne).<\/p>\n<p><a href=\"http:\/\/queyracines.org\/wp-content\/uploads\/2018\/08\/Liste-des-num\u00e9ros.pdf\">Liste des num\u00e9ros<\/a><\/p>\n","protected":false},"excerpt":{"rendered":"<p>Adh\u00e9rer \u00e0 Quey&rsquo;racines est tr\u00e8s simple ! T\u00e9l\u00e9chargez le bulletin 2026 (\u00e0 venir) Remplissez-le Renvoyez-le \u00e0 l&rsquo;adresse indiqu\u00e9e avec votre r\u00e8glement par ch\u00e8que&#8230;<\/p>\n","protected":false},"author":1,"featured_media":0,"parent":0,"menu_order":0,"comment_status":"closed","ping_status":"closed","template":"","meta":[],"_links":{"self":[{"href":"https:\/\/queyracines.org\/index.php\/wp-json\/wp\/v2\/pages\/17"}],"collection":[{"href":"https:\/\/queyracines.org\/index.php\/wp-json\/wp\/v2\/pages"}],"about":[{"href":"https:\/\/queyracines.org\/index.php\/wp-json\/wp\/v2\/types\/page"}],"author":[{"embeddable":true,"href":"https:\/\/queyracines.org\/index.php\/wp-json\/wp\/v2\/users\/1"}],"replies":[{"embeddable":true,"href":"https:\/\/queyracines.org\/index.php\/wp-json\/wp\/v2\/comments?post=17"}],"version-history":[{"count":29,"href":"https:\/\/queyracines.org\/index.php\/wp-json\/wp\/v2\/pages\/17\/revisions"}],"predecessor-version":[{"id":477,"href":"https:\/\/queyracines.org\/index.php\/wp-json\/wp\/v2\/pages\/17\/revisions\/477"}],"wp:attachment":[{"href":"https:\/\/queyracines.org\/index.php\/wp-json\/wp\/v2\/media?parent=17"}],"curies":[{"name":"wp","href":"https:\/\/api.w.org\/{rel}","templated":true}]}}